{"id":25,"date":"2026-03-16T16:29:55","date_gmt":"2026-03-16T16:29:55","guid":{"rendered":"https:\/\/rytmplus.pl\/?page_id=25"},"modified":"2026-03-16T16:45:45","modified_gmt":"2026-03-16T16:45:45","slug":"rytm-plus","status":"publish","type":"page","link":"https:\/\/rytmplus.pl\/","title":{"rendered":"Rytm Plus"},"content":{"rendered":"\t\t<div data-elementor-type=\"wp-page\" data-elementor-id=\"25\" class=\"elementor elementor-25\" data-elementor-post-type=\"page\">\n\t\t\t\t<div class=\"elementor-element elementor-element-20747e4 e-flex e-con-boxed e-con e-parent\" data-id=\"20747e4\" data-element_type=\"container\" data-core-v316-plus=\"true\">\n\t\t\t\t\t<div class=\"e-con-inner\">\n\t\t\t\t<div class=\"elementor-element elementor-element-a83e0c4 elementor-hidden-tablet elementor-hidden-mobile elementor-widget elementor-widget-image\" data-id=\"a83e0c4\" data-element_type=\"widget\" data-widget_type=\"image.default\">\n\t\t\t\t<div class=\"elementor-widget-container\">\n\t\t\t<style>\/*! elementor - v3.20.0 - 26-03-2024 *\/\n.elementor-widget-image{text-align:center}.elementor-widget-image a{display:inline-block}.elementor-widget-image a img[src$=\".svg\"]{width:48px}.elementor-widget-image img{vertical-align:middle;display:inline-block}<\/style>\t\t\t\t\t\t\t\t\t\t<img fetchpriority=\"high\" decoding=\"async\" width=\"1024\" height=\"376\" src=\"https:\/\/rytmplus.pl\/wp-content\/uploads\/2026\/03\/baner-fb-1024x376.jpg\" class=\"attachment-large size-large wp-image-27\" alt=\"\" srcset=\"https:\/\/rytmplus.pl\/wp-content\/uploads\/2026\/03\/baner-fb-1024x376.jpg 1024w, https:\/\/rytmplus.pl\/wp-content\/uploads\/2026\/03\/baner-fb-300x110.jpg 300w, https:\/\/rytmplus.pl\/wp-content\/uploads\/2026\/03\/baner-fb-768x282.jpg 768w, https:\/\/rytmplus.pl\/wp-content\/uploads\/2026\/03\/baner-fb-1536x564.jpg 1536w, https:\/\/rytmplus.pl\/wp-content\/uploads\/2026\/03\/baner-fb.jpg 1833w\" sizes=\"(max-width: 1024px) 100vw, 1024px\" \/>\t\t\t\t\t\t\t\t\t\t\t\t\t<\/div>\n\t\t\t\t<\/div>\n\t\t\t\t<div class=\"elementor-element elementor-element-2a0880e elementor-hidden-desktop elementor-widget elementor-widget-image\" data-id=\"2a0880e\" data-element_type=\"widget\" data-widget_type=\"image.default\">\n\t\t\t\t<div class=\"elementor-widget-container\">\n\t\t\t\t\t\t\t\t\t\t\t\t\t<img decoding=\"async\" width=\"1024\" height=\"1024\" src=\"https:\/\/rytmplus.pl\/wp-content\/uploads\/2026\/03\/postfb-kwadrat-1024x1024.jpg\" class=\"attachment-large size-large wp-image-28\" alt=\"\" srcset=\"https:\/\/rytmplus.pl\/wp-content\/uploads\/2026\/03\/postfb-kwadrat-1024x1024.jpg 1024w, https:\/\/rytmplus.pl\/wp-content\/uploads\/2026\/03\/postfb-kwadrat-300x300.jpg 300w, https:\/\/rytmplus.pl\/wp-content\/uploads\/2026\/03\/postfb-kwadrat-150x150.jpg 150w, https:\/\/rytmplus.pl\/wp-content\/uploads\/2026\/03\/postfb-kwadrat-768x768.jpg 768w, https:\/\/rytmplus.pl\/wp-content\/uploads\/2026\/03\/postfb-kwadrat-600x600.jpg 600w, https:\/\/rytmplus.pl\/wp-content\/uploads\/2026\/03\/postfb-kwadrat.jpg 1202w\" sizes=\"(max-width: 1024px) 100vw, 1024px\" \/>\t\t\t\t\t\t\t\t\t\t\t\t\t<\/div>\n\t\t\t\t<\/div>\n\t\t\t\t<div class=\"elementor-element elementor-element-664a320 elementor-widget-divider--view-line elementor-widget elementor-widget-divider\" data-id=\"664a320\" data-element_type=\"widget\" data-widget_type=\"divider.default\">\n\t\t\t\t<div class=\"elementor-widget-container\">\n\t\t\t<style>\/*! elementor - v3.20.0 - 26-03-2024 *\/\n.elementor-widget-divider{--divider-border-style:none;--divider-border-width:1px;--divider-color:#0c0d0e;--divider-icon-size:20px;--divider-element-spacing:10px;--divider-pattern-height:24px;--divider-pattern-size:20px;--divider-pattern-url:none;--divider-pattern-repeat:repeat-x}.elementor-widget-divider .elementor-divider{display:flex}.elementor-widget-divider .elementor-divider__text{font-size:15px;line-height:1;max-width:95%}.elementor-widget-divider .elementor-divider__element{margin:0 var(--divider-element-spacing);flex-shrink:0}.elementor-widget-divider .elementor-icon{font-size:var(--divider-icon-size)}.elementor-widget-divider .elementor-divider-separator{display:flex;margin:0;direction:ltr}.elementor-widget-divider--view-line_icon .elementor-divider-separator,.elementor-widget-divider--view-line_text .elementor-divider-separator{align-items:center}.elementor-widget-divider--view-line_icon .elementor-divider-separator:after,.elementor-widget-divider--view-line_icon .elementor-divider-separator:before,.elementor-widget-divider--view-line_text .elementor-divider-separator:after,.elementor-widget-divider--view-line_text .elementor-divider-separator:before{display:block;content:\"\";border-block-end:0;flex-grow:1;border-block-start:var(--divider-border-width) var(--divider-border-style) var(--divider-color)}.elementor-widget-divider--element-align-left .elementor-divider .elementor-divider-separator>.elementor-divider__svg:first-of-type{flex-grow:0;flex-shrink:100}.elementor-widget-divider--element-align-left .elementor-divider-separator:before{content:none}.elementor-widget-divider--element-align-left .elementor-divider__element{margin-left:0}.elementor-widget-divider--element-align-right .elementor-divider .elementor-divider-separator>.elementor-divider__svg:last-of-type{flex-grow:0;flex-shrink:100}.elementor-widget-divider--element-align-right .elementor-divider-separator:after{content:none}.elementor-widget-divider--element-align-right .elementor-divider__element{margin-right:0}.elementor-widget-divider--element-align-start .elementor-divider .elementor-divider-separator>.elementor-divider__svg:first-of-type{flex-grow:0;flex-shrink:100}.elementor-widget-divider--element-align-start .elementor-divider-separator:before{content:none}.elementor-widget-divider--element-align-start .elementor-divider__element{margin-inline-start:0}.elementor-widget-divider--element-align-end .elementor-divider .elementor-divider-separator>.elementor-divider__svg:last-of-type{flex-grow:0;flex-shrink:100}.elementor-widget-divider--element-align-end .elementor-divider-separator:after{content:none}.elementor-widget-divider--element-align-end .elementor-divider__element{margin-inline-end:0}.elementor-widget-divider:not(.elementor-widget-divider--view-line_text):not(.elementor-widget-divider--view-line_icon) .elementor-divider-separator{border-block-start:var(--divider-border-width) var(--divider-border-style) var(--divider-color)}.elementor-widget-divider--separator-type-pattern{--divider-border-style:none}.elementor-widget-divider--separator-type-pattern.elementor-widget-divider--view-line .elementor-divider-separator,.elementor-widget-divider--separator-type-pattern:not(.elementor-widget-divider--view-line) .elementor-divider-separator:after,.elementor-widget-divider--separator-type-pattern:not(.elementor-widget-divider--view-line) .elementor-divider-separator:before,.elementor-widget-divider--separator-type-pattern:not([class*=elementor-widget-divider--view]) .elementor-divider-separator{width:100%;min-height:var(--divider-pattern-height);-webkit-mask-size:var(--divider-pattern-size) 100%;mask-size:var(--divider-pattern-size) 100%;-webkit-mask-repeat:var(--divider-pattern-repeat);mask-repeat:var(--divider-pattern-repeat);background-color:var(--divider-color);-webkit-mask-image:var(--divider-pattern-url);mask-image:var(--divider-pattern-url)}.elementor-widget-divider--no-spacing{--divider-pattern-size:auto}.elementor-widget-divider--bg-round{--divider-pattern-repeat:round}.rtl .elementor-widget-divider .elementor-divider__text{direction:rtl}.e-con-inner>.elementor-widget-divider,.e-con>.elementor-widget-divider{width:var(--container-widget-width,100%);--flex-grow:var(--container-widget-flex-grow)}<\/style>\t\t<div class=\"elementor-divider\">\n\t\t\t<span class=\"elementor-divider-separator\">\n\t\t\t\t\t\t<\/span>\n\t\t<\/div>\n\t\t\t\t<\/div>\n\t\t\t\t<\/div>\n\t\t\t\t\t<\/div>\n\t\t\t\t<\/div>\n\t\t<div class=\"elementor-element elementor-element-1bcfd5b e-flex e-con-boxed e-con e-parent\" data-id=\"1bcfd5b\" data-element_type=\"container\" data-core-v316-plus=\"true\">\n\t\t\t\t\t<div class=\"e-con-inner\">\n\t\t\t\t<div class=\"elementor-element elementor-element-ac530fb elementor-widget elementor-widget-heading\" data-id=\"ac530fb\" data-element_type=\"widget\" data-widget_type=\"heading.default\">\n\t\t\t\t<div class=\"elementor-widget-container\">\n\t\t\t<style>\/*! elementor - v3.20.0 - 26-03-2024 *\/\n.elementor-heading-title{padding:0;margin:0;line-height:1}.elementor-widget-heading .elementor-heading-title[class*=elementor-size-]>a{color:inherit;font-size:inherit;line-height:inherit}.elementor-widget-heading .elementor-heading-title.elementor-size-small{font-size:15px}.elementor-widget-heading .elementor-heading-title.elementor-size-medium{font-size:19px}.elementor-widget-heading .elementor-heading-title.elementor-size-large{font-size:29px}.elementor-widget-heading .elementor-heading-title.elementor-size-xl{font-size:39px}.elementor-widget-heading .elementor-heading-title.elementor-size-xxl{font-size:59px}<\/style><h2 class=\"elementor-heading-title elementor-size-default\">Szko\u0142a Muzyczna Rytm+ w S\u0142upsku \u2013 Tw\u00f3j start w \u015bwiat muzyki!<\/h2>\t\t<\/div>\n\t\t\t\t<\/div>\n\t\t\t\t<div class=\"elementor-element elementor-element-ec1f6b6 elementor-widget elementor-widget-text-editor\" data-id=\"ec1f6b6\" data-element_type=\"widget\" data-widget_type=\"text-editor.default\">\n\t\t\t\t<div class=\"elementor-widget-container\">\n\t\t\t<style>\/*! elementor - v3.20.0 - 26-03-2024 *\/\n.elementor-widget-text-editor.elementor-drop-cap-view-stacked .elementor-drop-cap{background-color:#69727d;color:#fff}.elementor-widget-text-editor.elementor-drop-cap-view-framed .elementor-drop-cap{color:#69727d;border:3px solid;background-color:transparent}.elementor-widget-text-editor:not(.elementor-drop-cap-view-default) .elementor-drop-cap{margin-top:8px}.elementor-widget-text-editor:not(.elementor-drop-cap-view-default) .elementor-drop-cap-letter{width:1em;height:1em}.elementor-widget-text-editor .elementor-drop-cap{float:left;text-align:center;line-height:1;font-size:50px}.elementor-widget-text-editor .elementor-drop-cap-letter{display:inline-block}<\/style>\t\t\t\t<p>Witaj w Rytm+!<br \/>Za\u0142o\u017cycielem szko\u0142y jest Krzysztof Klingbein, s\u0142upski perkusista o mi\u0119dzynarodowej renomie. Krzysztof ma na koncie ponad 100 nagranych p\u0142yt i liczne wsp\u00f3\u0142prace z gwiazdami muzyki. Jego do\u015bwiadczenie to gwarancja najwy\u017cszej jako\u015bci nauczania \u2013 od podstaw po zaawansowane techniki. W Rytm+ przekazujemy pasj\u0119 do muzyki w praktyczny spos\u00f3b!<\/p>\t\t\t\t\t\t<\/div>\n\t\t\t\t<\/div>\n\t\t\t\t<div class=\"elementor-element elementor-element-98247bf elementor-widget-divider--view-line elementor-widget elementor-widget-divider\" data-id=\"98247bf\" data-element_type=\"widget\" data-widget_type=\"divider.default\">\n\t\t\t\t<div class=\"elementor-widget-container\">\n\t\t\t\t\t<div class=\"elementor-divider\">\n\t\t\t<span class=\"elementor-divider-separator\">\n\t\t\t\t\t\t<\/span>\n\t\t<\/div>\n\t\t\t\t<\/div>\n\t\t\t\t<\/div>\n\t\t\t\t\t<\/div>\n\t\t\t\t<\/div>\n\t\t<div class=\"elementor-element elementor-element-f153114 e-flex e-con-boxed e-con e-parent\" data-id=\"f153114\" data-element_type=\"container\" data-core-v316-plus=\"true\">\n\t\t\t\t\t<div class=\"e-con-inner\">\n\t\t\t\t<div class=\"elementor-element elementor-element-941dc1a elementor-widget elementor-widget-heading\" data-id=\"941dc1a\" data-element_type=\"widget\" data-widget_type=\"heading.default\">\n\t\t\t\t<div class=\"elementor-widget-container\">\n\t\t\t<h2 class=\"elementor-heading-title elementor-size-default\">Co oferujemy?<\/h2>\t\t<\/div>\n\t\t\t\t<\/div>\n\t\t\t\t\t<\/div>\n\t\t\t\t<\/div>\n\t\t<div class=\"elementor-element elementor-element-b7cdb4b e-flex e-con-boxed e-con e-parent\" data-id=\"b7cdb4b\" data-element_type=\"container\" data-core-v316-plus=\"true\">\n\t\t\t\t\t<div class=\"e-con-inner\">\n\t\t\t\t<div class=\"elementor-element elementor-element-3636d53 elementor-widget elementor-widget-text-editor\" data-id=\"3636d53\" data-element_type=\"widget\" data-widget_type=\"text-editor.default\">\n\t\t\t\t<div class=\"elementor-widget-container\">\n\t\t\t\t\t\t\t<p>Programy nauczania: nasz sprawdzony system lub w pe\u0142ni indywidualnie dopasowany do Twoich cel\u00f3w, stylu i harmonogramu.<br \/><br \/>Uczniowie od 10. roku \u017cycia po doros\u0142ych \u2013 bez wzgl\u0119du na do\u015bwiadczenie: zaczynasz od zera? \u015awietnie! Masz ju\u017c umiej\u0119tno\u015bci? Podci\u0105gniesz je na wy\u017cszy level.<\/p><p>Lekcja testowa \u2013 bez ryzyka!<br \/>Nie musisz kupowa\u0107 instrumentu &#8222;na raz&#8221; \u2013 przekonaj si\u0119, czy lekcje to dla Ciebie, i zdecyduj bez presji. Cena lekcji testowej wynosi 100z\u0142<\/p>\t\t\t\t\t\t<\/div>\n\t\t\t\t<\/div>\n\t\t\t\t<div class=\"elementor-element elementor-element-3e7ff23 elementor-widget-divider--view-line elementor-widget elementor-widget-divider\" data-id=\"3e7ff23\" data-element_type=\"widget\" data-widget_type=\"divider.default\">\n\t\t\t\t<div class=\"elementor-widget-container\">\n\t\t\t\t\t<div class=\"elementor-divider\">\n\t\t\t<span class=\"elementor-divider-separator\">\n\t\t\t\t\t\t<\/span>\n\t\t<\/div>\n\t\t\t\t<\/div>\n\t\t\t\t<\/div>\n\t\t\t\t<div class=\"elementor-element elementor-element-3066b62 elementor-widget elementor-widget-heading\" data-id=\"3066b62\" data-element_type=\"widget\" data-widget_type=\"heading.default\">\n\t\t\t\t<div class=\"elementor-widget-container\">\n\t\t\t<h2 class=\"elementor-heading-title elementor-size-default\">Lokalizacja i dost\u0119pno\u015b\u0107<\/h2>\t\t<\/div>\n\t\t\t\t<\/div>\n\t\t\t\t<div class=\"elementor-element elementor-element-68eb092 elementor-widget elementor-widget-text-editor\" data-id=\"68eb092\" data-element_type=\"widget\" data-widget_type=\"text-editor.default\">\n\t\t\t\t<div class=\"elementor-widget-container\">\n\t\t\t\t\t\t\t<p>Znajdziesz nas pod adresem ul. Tuwima 22 w Inkubatorze Przedsi\u0119biorczo\u015bci (naprzeciw Manhattanu) \u2013 \u015bcis\u0142e centrum S\u0142upska, \u0142atwy dojazd komunikacj\u0105, autem czy rowerem. Lekcje prowadzimy od poniedzia\u0142ku do soboty, od rana do wieczora \u2013 elastycznie dopasowane do Twojego grafiku: uczniowie, pracuj\u0105cy doro\u015bli, ka\u017cdy znajdzie termin!<\/p>\t\t\t\t\t\t<\/div>\n\t\t\t\t<\/div>\n\t\t\t\t<div class=\"elementor-element elementor-element-cdda625 elementor-widget-divider--view-line elementor-widget elementor-widget-divider\" data-id=\"cdda625\" data-element_type=\"widget\" data-widget_type=\"divider.default\">\n\t\t\t\t<div class=\"elementor-widget-container\">\n\t\t\t\t\t<div class=\"elementor-divider\">\n\t\t\t<span class=\"elementor-divider-separator\">\n\t\t\t\t\t\t<\/span>\n\t\t<\/div>\n\t\t\t\t<\/div>\n\t\t\t\t<\/div>\n\t\t\t\t<div class=\"elementor-element elementor-element-1fcc010 elementor-widget elementor-widget-heading\" data-id=\"1fcc010\" data-element_type=\"widget\" data-widget_type=\"heading.default\">\n\t\t\t\t<div class=\"elementor-widget-container\">\n\t\t\t<h2 class=\"elementor-heading-title elementor-size-default\">Ceny i pakiety \u2013 transparentnie i korzystnie<\/h2>\t\t<\/div>\n\t\t\t\t<\/div>\n\t\t\t\t<div class=\"elementor-element elementor-element-9c6c328 elementor-widget elementor-widget-text-editor\" data-id=\"9c6c328\" data-element_type=\"widget\" data-widget_type=\"text-editor.default\">\n\t\t\t\t<div class=\"elementor-widget-container\">\n\t\t\t\t\t\t\t<p>Godzina lekcji: Gitara 110 z\u0142, Perkusja 125 z\u0142.<\/p><p>Pakiety (na miesi\u0105c):<\/p><p>Gitara: 1 lekcja\/tydzie\u0144 \u2013 420 z\u0142;<\/p><p>Perkusja: 1 lekcja\/tydzie\u0144 \u2013 450 z\u0142<\/p>\t\t\t\t\t\t<\/div>\n\t\t\t\t<\/div>\n\t\t\t\t<div class=\"elementor-element elementor-element-c4faf35 elementor-widget-divider--view-line elementor-widget elementor-widget-divider\" data-id=\"c4faf35\" data-element_type=\"widget\" data-widget_type=\"divider.default\">\n\t\t\t\t<div class=\"elementor-widget-container\">\n\t\t\t\t\t<div class=\"elementor-divider\">\n\t\t\t<span class=\"elementor-divider-separator\">\n\t\t\t\t\t\t<\/span>\n\t\t<\/div>\n\t\t\t\t<\/div>\n\t\t\t\t<\/div>\n\t\t\t\t<div class=\"elementor-element elementor-element-bb153f1 elementor-widget elementor-widget-heading\" data-id=\"bb153f1\" data-element_type=\"widget\" data-widget_type=\"heading.default\">\n\t\t\t\t<div class=\"elementor-widget-container\">\n\t\t\t<h2 class=\"elementor-heading-title elementor-size-default\">Dlaczego warto wybra\u0107 Rytm+?<\/h2>\t\t<\/div>\n\t\t\t\t<\/div>\n\t\t\t\t<div class=\"elementor-element elementor-element-e30ee74 elementor-widget elementor-widget-text-editor\" data-id=\"e30ee74\" data-element_type=\"widget\" data-widget_type=\"text-editor.default\">\n\t\t\t\t<div class=\"elementor-widget-container\">\n\t\t\t\t\t\t\t<p>Krzysztof Klingbein osobi\u015bcie dba o jako\u015b\u0107, czerpi\u0105c z lat na scenie mi\u0119dzynarodowej. Nasza sala to profesjonalne wyposa\u017cenie, przyjazna atmosfera i fokus na Twoim post\u0119pie. Do\u0142\u0105cz do grona zadowolonych uczni\u00f3w \u2013 od amator\u00f3w po tych, kt\u00f3rzy koncertuj\u0105!<\/p>\t\t\t\t\t\t<\/div>\n\t\t\t\t<\/div>\n\t\t\t\t<div class=\"elementor-element elementor-element-af23e0d elementor-widget elementor-widget-heading\" data-id=\"af23e0d\" data-element_type=\"widget\" data-widget_type=\"heading.default\">\n\t\t\t\t<div class=\"elementor-widget-container\">\n\t\t\t<h2 class=\"elementor-heading-title elementor-size-default\">Zapisz si\u0119 ju\u017c dzi\u015b!<\/h2>\t\t<\/div>\n\t\t\t\t<\/div>\n\t\t\t\t<div class=\"elementor-element elementor-element-65de61e elementor-widget elementor-widget-text-editor\" data-id=\"65de61e\" data-element_type=\"widget\" data-widget_type=\"text-editor.default\">\n\t\t\t\t<div class=\"elementor-widget-container\">\n\t\t\t\t\t\t\t<p>Napisz na <a href=\"mailto:rytmplus@gmail.com\">rytmplus@gmail.com<\/a> lub zadzwo\u0144 695910616. Czekamy na Tw\u00f3j pierwszy rytm!<\/p>\t\t\t\t\t\t<\/div>\n\t\t\t\t<\/div>\n\t\t\t\t\t<\/div>\n\t\t\t\t<\/div>\n\t\t\t\t<\/div>\n\t\t","protected":false},"excerpt":{"rendered":"<p>Szko\u0142a Muzyczna Rytm+ w S\u0142upsku \u2013 Tw\u00f3j start w \u015bwiat muzyki! Witaj w Rytm+!Za\u0142o\u017cycielem szko\u0142y jest Krzysztof Klingbein, s\u0142upski perkusista o mi\u0119dzynarodowej renomie. Krzysztof ma na koncie ponad 100 nagranych p\u0142yt i liczne wsp\u00f3\u0142prace z gwiazdami muzyki. Jego do\u015bwiadczenie to gwarancja najwy\u017cszej jako\u015bci nauczania \u2013 od podstaw po zaawansowane techniki. W Rytm+ przekazujemy pasj\u0119 do [&hellip;]<\/p>\n","protected":false},"author":1,"featured_media":0,"parent":0,"menu_order":0,"comment_status":"closed","ping_status":"closed","template":"","meta":{"footnotes":""},"class_list":["post-25","page","type-page","status-publish","hentry","entry"],"_links":{"self":[{"href":"https:\/\/rytmplus.pl\/index.php?rest_route=\/wp\/v2\/pages\/25","targetHints":{"allow":["GET"]}}],"collection":[{"href":"https:\/\/rytmplus.pl\/index.php?rest_route=\/wp\/v2\/pages"}],"about":[{"href":"https:\/\/rytmplus.pl\/index.php?rest_route=\/wp\/v2\/types\/page"}],"author":[{"embeddable":true,"href":"https:\/\/rytmplus.pl\/index.php?rest_route=\/wp\/v2\/users\/1"}],"replies":[{"embeddable":true,"href":"https:\/\/rytmplus.pl\/index.php?rest_route=%2Fwp%2Fv2%2Fcomments&post=25"}],"version-history":[{"count":28,"href":"https:\/\/rytmplus.pl\/index.php?rest_route=\/wp\/v2\/pages\/25\/revisions"}],"predecessor-version":[{"id":57,"href":"https:\/\/rytmplus.pl\/index.php?rest_route=\/wp\/v2\/pages\/25\/revisions\/57"}],"wp:attachment":[{"href":"https:\/\/rytmplus.pl\/index.php?rest_route=%2Fwp%2Fv2%2Fmedia&parent=25"}],"curies":[{"name":"wp","href":"https:\/\/api.w.org\/{rel}","templated":true}]}}